{"id":389,"date":"2022-07-25T22:58:44","date_gmt":"2022-07-25T22:58:44","guid":{"rendered":"https:\/\/raquelvillarejohervas.com\/?page_id=389"},"modified":"2022-08-01T20:45:19","modified_gmt":"2022-08-01T20:45:19","slug":"biografia","status":"publish","type":"page","link":"https:\/\/raquelvillarejohervas.com\/es\/biografia\/","title":{"rendered":"Biograf\u00eda"},"content":{"rendered":"<div      class=\"vc_row wpb_row section vc_row-fluid \" style=' text-align:left;'><div class=\" full_section_inner clearfix\"><div class=\"wpb_column vc_column_container vc_col-sm-6\"><div class=\"vc_column-inner\"><div class=\"wpb_wrapper\">\t<div class=\"vc_empty_space\"  style=\"height: 50px\" ><span\n\t\t\tclass=\"vc_empty_space_inner\">\n\t\t\t<span class=\"empty_space_image\"  ><\/span>\n\t\t<\/span><\/div>\n\n\n\t<div class=\"wpb_single_image wpb_content_element vc_align_left\">\n\t\t<div class=\"wpb_wrapper\">\n\t\t\t\n\t\t\t<div class=\"vc_single_image-wrapper   vc_box_border_grey\"><img width=\"576\" height=\"720\" src=\"https:\/\/raquelvillarejohervas.com\/wp-content\/uploads\/2022\/07\/Pola-1.png\" class=\"vc_single_image-img attachment-full\" alt=\"\" srcset=\"https:\/\/raquelvillarejohervas.com\/wp-content\/uploads\/2022\/07\/Pola-1.png 576w, https:\/\/raquelvillarejohervas.com\/wp-content\/uploads\/2022\/07\/Pola-1-240x300.png 240w, https:\/\/raquelvillarejohervas.com\/wp-content\/uploads\/2022\/07\/Pola-1-10x12.png 10w\" sizes=\"(max-width: 576px) 100vw, 576px\" \/><\/div>\n\t\t<\/div>\n\t<\/div>\n<\/div><\/div><\/div><div class=\"wpb_column vc_column_container vc_col-sm-6\"><div class=\"vc_column-inner\"><div class=\"wpb_wrapper\">\t<div class=\"vc_empty_space\"  style=\"height: 32px\" ><span\n\t\t\tclass=\"vc_empty_space_inner\">\n\t\t\t<span class=\"empty_space_image\"  ><\/span>\n\t\t<\/span><\/div>\n\n\n\t<div class=\"wpb_text_column wpb_content_element  vc_custom_1659386717769\">\n\t\t<div class=\"wpb_wrapper\">\n\t\t\t<div class=\"z38b6\" aria-live=\"polite\">\n<p>Desde peque\u00f1a supe que quer\u00eda ser actriz. Con tres a\u00f1os se lo dije a mi madre y desde entonces tuve claro cu\u00e1l era el camino a seguir. No par\u00e9 hasta conseguir el apoyo y el permiso de mis padres. A los 16 a\u00f1os me mud\u00e9 a Madrid con la intenci\u00f3n de poder compaginar el Bachillerato en Artes Esc\u00e9nicas, M\u00fasica y Danza con la carrera de arte dram\u00e1tico en la escuela de interpretaci\u00f3n de Cristina Rota.<\/p>\n<p>&nbsp;<\/p>\n<p>Cuando termin\u00e9 la carrera de arte dram\u00e1tico tuve la suerte de poder comenzar a trabajar como actriz mientras segu\u00eda form\u00e1ndome como bailarina en las disciplinas de contempor\u00e1neo, moderno y teatro musical. Me he formado en c\u00e1mara con distintos cursos impartidos por directores de cine.<\/p>\n<p>&nbsp;<\/p>\n<p>Londres ha sido uno de los impases en mi vida, por un lado, me permiti\u00f3 perfeccionar mi ingl\u00e9s y por otro lado asistir a la Royal Academy of Dramatics Arts (RADA), una de las m\u00e1s prestigiosas escuelas de interpretaci\u00f3n a nivel mundial.<\/p>\n<p>&nbsp;<\/p>\n<p>Actualmente compagino mi trabajo como actriz y bailarina con la creaci\u00f3n de mis propios proyectos. Me considero una persona trabajadora, constante, disciplinada y colaboradora.<\/p>\n<p>&nbsp;<\/p>\n<p>Disfruto incre\u00edblemente trabajando en equipo y poniendo en com\u00fan distintos puntos de vista. Y ciertamente, no hay nada m\u00e1s placentero que andar un camino y disfrutar del proceso.<\/p>\n<p>&nbsp;<\/p>\n<p>Una de las frases que me ha acompa\u00f1ado a lo largo de mi carrera es: \u201cNo hay mayor satisfacci\u00f3n posible que llegar a cumplir los sue\u00f1os por los que un d\u00eda tanto luchaste\u201d.<\/p>\n<\/div>\n\n\t\t<\/div> \n\t<\/div> <\/div><\/div><\/div><\/div><\/div>\n","protected":false},"excerpt":{"rendered":"Desde peque\u00f1a supe que quer\u00eda ser actriz. Con tres a\u00f1os se lo dije a mi madre y desde entonces tuve claro cu\u00e1l era el camino a seguir. No par\u00e9 hasta conseguir el apoyo y el permiso de mis padres. A los 16 a\u00f1os me mud\u00e9...","protected":false},"author":2,"featured_media":0,"parent":0,"menu_order":0,"comment_status":"closed","ping_status":"closed","template":"","meta":[],"_links":{"self":[{"href":"https:\/\/raquelvillarejohervas.com\/es\/wp-json\/wp\/v2\/pages\/389"}],"collection":[{"href":"https:\/\/raquelvillarejohervas.com\/es\/wp-json\/wp\/v2\/pages"}],"about":[{"href":"https:\/\/raquelvillarejohervas.com\/es\/wp-json\/wp\/v2\/types\/page"}],"author":[{"embeddable":true,"href":"https:\/\/raquelvillarejohervas.com\/es\/wp-json\/wp\/v2\/users\/2"}],"replies":[{"embeddable":true,"href":"https:\/\/raquelvillarejohervas.com\/es\/wp-json\/wp\/v2\/comments?post=389"}],"version-history":[{"count":26,"href":"https:\/\/raquelvillarejohervas.com\/es\/wp-json\/wp\/v2\/pages\/389\/revisions"}],"predecessor-version":[{"id":434,"href":"https:\/\/raquelvillarejohervas.com\/es\/wp-json\/wp\/v2\/pages\/389\/revisions\/434"}],"wp:attachment":[{"href":"https:\/\/raquelvillarejohervas.com\/es\/wp-json\/wp\/v2\/media?parent=389"}],"curies":[{"name":"wp","href":"https:\/\/api.w.org\/{rel}","templated":true}]}}