{"id":389,"date":"2022-07-25T22:58:44","date_gmt":"2022-07-25T22:58:44","guid":{"rendered":"https:\/\/raquelvillarejohervas.com\/?page_id=389"},"modified":"2022-08-01T20:45:19","modified_gmt":"2022-08-01T20:45:19","slug":"biografia","status":"publish","type":"page","link":"https:\/\/raquelvillarejohervas.com\/en\/biografia\/","title":{"rendered":"Bio"},"content":{"rendered":"<div      class=\"vc_row wpb_row section vc_row-fluid\" style=' text-align:left;'><div class=\"full_section_inner clearfix\"><div class=\"wpb_column vc_column_container vc_col-sm-6\"><div class=\"vc_column-inner\"><div class=\"wpb_wrapper\">\t<div class=\"vc_empty_space\"  style=\"height: 50px\" ><span\n\t\t\tclass=\"vc_empty_space_inner\">\n\t\t\t<span class=\"empty_space_image\"  ><\/span>\n\t\t<\/span><\/div>\n\n\n\t<div class=\"wpb_single_image wpb_content_element vc_align_left\">\n\t\t<div class=\"wpb_wrapper\">\n\t\t\t\n\t\t\t<div class=\"vc_single_image-wrapper   vc_box_border_grey\"><img width=\"576\" height=\"720\" src=\"https:\/\/raquelvillarejohervas.com\/wp-content\/uploads\/2022\/07\/Pola-1.png\" class=\"vc_single_image-img attachment-full\" alt=\"\" srcset=\"https:\/\/raquelvillarejohervas.com\/wp-content\/uploads\/2022\/07\/Pola-1.png 576w, https:\/\/raquelvillarejohervas.com\/wp-content\/uploads\/2022\/07\/Pola-1-240x300.png 240w, https:\/\/raquelvillarejohervas.com\/wp-content\/uploads\/2022\/07\/Pola-1-10x12.png 10w\" sizes=\"(max-width: 576px) 100vw, 576px\" \/><\/div>\n\t\t<\/div>\n\t<\/div>\n<\/div><\/div><\/div><div class=\"wpb_column vc_column_container vc_col-sm-6\"><div class=\"vc_column-inner\"><div class=\"wpb_wrapper\">\t<div class=\"vc_empty_space\"  style=\"height: 32px\" ><span\n\t\t\tclass=\"vc_empty_space_inner\">\n\t\t\t<span class=\"empty_space_image\"  ><\/span>\n\t\t<\/span><\/div>\n\n\n\t<div class=\"wpb_text_column wpb_content_element  vc_custom_1659386717769\">\n\t\t<div class=\"wpb_wrapper\">\n\t\t\t<div class=\"z38b6\" aria-live=\"polite\">\n<p>From a very Young age I knew that I wanted to be an actress. When i was three years old, I told my mother and since then I was clear about the way forward. I didn't stop until I got my parents' support and permission. At the age of 16 I moved to Madrid with the intention of being able to combine the Baccalaureate in Performing Arts, Music and Dance with the dramatic art career at Cristina Rota's acting school.<\/p>\n<p>&nbsp;<\/p>\n<p>When I finished my degree in dramatic art I was lucky enough to be able to start working as an actress while continuing to train as a dancer in the disciplines of contemporary, modern and musical theater. I have trained in camera with different courses taught by film directors.<\/p>\n<p>&nbsp;<\/p>\n<p>London has been one of the impasses in my life, on the one hand, it allowed me to perfect my English and on the other hand to attend the Royal Academy of Dramatics Arts (RADA), one of the most prestigious acting schools worldwide.<\/p>\n<p>&nbsp;<\/p>\n<p>Currently I combine my work as an actress and dancer with the creation of my own projects. I consider myself a hardworking, constant, disciplined and collaborative person.<\/p>\n<p>&nbsp;<\/p>\n<p>I enjoy incredibly working as a team and sharing different points of view. And certainly, there is nothing more pleasurable than walking a path and enjoying the process.<\/p>\n<p>&nbsp;<\/p>\n<p>One of the phrases that has accompanied me throughout my career is: \u201cThere is no more satisfaction tan achieving the dreams for which one day you fought so hard\u201d<\/p>\n<\/div>\n\n\t\t<\/div> \n\t<\/div> <\/div><\/div><\/div><\/div><\/div>","protected":false},"excerpt":{"rendered":"Desde peque\u00f1a supe que quer\u00eda ser actriz. Con tres a\u00f1os se lo dije a mi madre y desde entonces tuve claro cu\u00e1l era el camino a seguir. No par\u00e9 hasta conseguir el apoyo y el permiso de mis padres. A los 16 a\u00f1os me mud\u00e9...","protected":false},"author":2,"featured_media":0,"parent":0,"menu_order":0,"comment_status":"closed","ping_status":"closed","template":"","meta":[],"_links":{"self":[{"href":"https:\/\/raquelvillarejohervas.com\/en\/wp-json\/wp\/v2\/pages\/389"}],"collection":[{"href":"https:\/\/raquelvillarejohervas.com\/en\/wp-json\/wp\/v2\/pages"}],"about":[{"href":"https:\/\/raquelvillarejohervas.com\/en\/wp-json\/wp\/v2\/types\/page"}],"author":[{"embeddable":true,"href":"https:\/\/raquelvillarejohervas.com\/en\/wp-json\/wp\/v2\/users\/2"}],"replies":[{"embeddable":true,"href":"https:\/\/raquelvillarejohervas.com\/en\/wp-json\/wp\/v2\/comments?post=389"}],"version-history":[{"count":26,"href":"https:\/\/raquelvillarejohervas.com\/en\/wp-json\/wp\/v2\/pages\/389\/revisions"}],"predecessor-version":[{"id":434,"href":"https:\/\/raquelvillarejohervas.com\/en\/wp-json\/wp\/v2\/pages\/389\/revisions\/434"}],"wp:attachment":[{"href":"https:\/\/raquelvillarejohervas.com\/en\/wp-json\/wp\/v2\/media?parent=389"}],"curies":[{"name":"wp","href":"https:\/\/api.w.org\/{rel}","templated":true}]}}