{"id":451,"date":"2023-02-28T21:38:20","date_gmt":"2023-02-28T21:38:20","guid":{"rendered":"https:\/\/raquelvillarejohervas.com\/?page_id=451"},"modified":"2024-11-04T23:11:48","modified_gmt":"2024-11-04T23:11:48","slug":"pristina","status":"publish","type":"page","link":"http:\/\/raquelvillarejohervas.com\/en\/novedades\/pristina\/","title":{"rendered":"Pr\u00edstina"},"content":{"rendered":"<div      class=\"vc_row wpb_row section vc_row-fluid\" style=' text-align:left;'><div class=\"full_section_inner clearfix\"><div class=\"wpb_column vc_column_container vc_col-sm-12\"><div class=\"vc_column-inner\"><div class=\"wpb_wrapper\">\n\t<div class=\"wpb_text_column wpb_content_element\">\n\t\t<div class=\"wpb_wrapper\">\n\t\t\t<h2 style=\"text-align: center;\"><strong><em>Pr\u00edstina;<\/em><\/strong><\/h2>\n\n\t\t<\/div> \n\t<\/div> \n\t<div class=\"wpb_text_column wpb_content_element\">\n\t\t<div class=\"wpb_wrapper\">\n\t\t\t<h3 style=\"text-align: center;\">Una nana de despedida<\/h3>\n\n\t\t<\/div> \n\t<\/div> \t<div class=\"vc_empty_space\"  style=\"height: 32px\" ><span\n\t\t\tclass=\"vc_empty_space_inner\">\n\t\t\t<span class=\"empty_space_image\"  ><\/span>\n\t\t<\/span><\/div>\n\n<\/div><\/div><\/div><\/div><\/div><div      class=\"vc_row wpb_row section vc_row-fluid\" style=' text-align:left;'><div class=\"full_section_inner clearfix\"><div class=\"wpb_column vc_column_container vc_col-sm-6\"><div class=\"vc_column-inner\"><div class=\"wpb_wrapper\">\n\t<div class=\"wpb_text_column wpb_content_element\">\n\t\t<div class=\"wpb_wrapper\">\n\t\t\t<p><strong>Pr\u00edstina <\/strong>es un homenaje a todas aquellas personas que se marcharon dejando huella en nuestros corazones. El proceso de sanaci\u00f3n del duelo, la aceptaci\u00f3n de la perdida, en definitiva, una nana de despedida.<\/p>\n\n\t\t<\/div> \n\t<\/div> \t<div class=\"vc_empty_space\"  style=\"height: 32px\" ><span\n\t\t\tclass=\"vc_empty_space_inner\">\n\t\t\t<span class=\"empty_space_image\"  ><\/span>\n\t\t<\/span><\/div>\n\n\n\t<div class=\"wpb_text_column wpb_content_element\">\n\t\t<div class=\"wpb_wrapper\">\n\t\t\t<p style=\"text-align: center;\">\u00bfQu\u00e9 sucede cuando a\u00fan quedan cosas por decir, sentimientos por mostrar o experiencias por vivir?<\/p>\n<p style=\"text-align: center;\">\u00bfC\u00f3mo despedirse de un ser querido? \u00bfC\u00f3mo decir adi\u00f3s?<\/p>\n\n\t\t<\/div> \n\t<\/div> <\/div><\/div><\/div><div class=\"wpb_column vc_column_container vc_col-sm-6\"><div class=\"vc_column-inner\"><div class=\"wpb_wrapper\">\t<div class=\"vc_empty_space\"  style=\"height: 32px\" ><span\n\t\t\tclass=\"vc_empty_space_inner\">\n\t\t\t<span class=\"empty_space_image\"  ><\/span>\n\t\t<\/span><\/div>\n\n<div class=\"wpb_gallery wpb_content_element vc_clearfix\"><div class=\"wpb_wrapper\"><div class=\"wpb_gallery_slides wpb_flexslider flexslider_fade flexslider\" data-interval=\"3\" data-flex_fx=\"fade\"><ul class=\"slides\"><li><a itemprop=\"image\" class=\"qode-prettyphoto\" href=\"https:\/\/raquelvillarejohervas.com\/wp-content\/uploads\/2023\/02\/vertic_880_2.jpg\" data-rel=\"prettyPhoto[rel-451-1723679972]\"><img width=\"720\" height=\"378\" src=\"https:\/\/raquelvillarejohervas.com\/wp-content\/uploads\/2023\/02\/vertic_880_2.jpg\" class=\"attachment-full\" alt=\"\" srcset=\"https:\/\/raquelvillarejohervas.com\/wp-content\/uploads\/2023\/02\/vertic_880_2.jpg 720w, https:\/\/raquelvillarejohervas.com\/wp-content\/uploads\/2023\/02\/vertic_880_2-300x158.jpg 300w, https:\/\/raquelvillarejohervas.com\/wp-content\/uploads\/2023\/02\/vertic_880_2-18x9.jpg 18w, https:\/\/raquelvillarejohervas.com\/wp-content\/uploads\/2023\/02\/vertic_880_2-700x368.jpg 700w\" sizes=\"(max-width: 720px) 100vw, 720px\" \/><\/a><\/li><li><a itemprop=\"image\" class=\"qode-prettyphoto\" href=\"https:\/\/raquelvillarejohervas.com\/wp-content\/uploads\/2023\/02\/vertic_880_3.jpg\" data-rel=\"prettyPhoto[rel-451-1723679972]\"><img width=\"720\" height=\"378\" src=\"https:\/\/raquelvillarejohervas.com\/wp-content\/uploads\/2023\/02\/vertic_880_3.jpg\" class=\"attachment-full\" alt=\"\" srcset=\"https:\/\/raquelvillarejohervas.com\/wp-content\/uploads\/2023\/02\/vertic_880_3.jpg 720w, https:\/\/raquelvillarejohervas.com\/wp-content\/uploads\/2023\/02\/vertic_880_3-300x158.jpg 300w, https:\/\/raquelvillarejohervas.com\/wp-content\/uploads\/2023\/02\/vertic_880_3-18x9.jpg 18w, https:\/\/raquelvillarejohervas.com\/wp-content\/uploads\/2023\/02\/vertic_880_3-700x368.jpg 700w\" sizes=\"(max-width: 720px) 100vw, 720px\" \/><\/a><\/li><li><a itemprop=\"image\" class=\"qode-prettyphoto\" href=\"https:\/\/raquelvillarejohervas.com\/wp-content\/uploads\/2023\/02\/vertic_880_1.jpg\" data-rel=\"prettyPhoto[rel-451-1723679972]\"><img width=\"720\" height=\"378\" src=\"https:\/\/raquelvillarejohervas.com\/wp-content\/uploads\/2023\/02\/vertic_880_1.jpg\" class=\"attachment-full\" alt=\"\" srcset=\"https:\/\/raquelvillarejohervas.com\/wp-content\/uploads\/2023\/02\/vertic_880_1.jpg 720w, https:\/\/raquelvillarejohervas.com\/wp-content\/uploads\/2023\/02\/vertic_880_1-300x158.jpg 300w, https:\/\/raquelvillarejohervas.com\/wp-content\/uploads\/2023\/02\/vertic_880_1-18x9.jpg 18w, https:\/\/raquelvillarejohervas.com\/wp-content\/uploads\/2023\/02\/vertic_880_1-700x368.jpg 700w\" sizes=\"(max-width: 720px) 100vw, 720px\" \/><\/a><\/li><\/ul><\/div><\/div><\/div><\/div><\/div><\/div><\/div><\/div><div      class=\"vc_row wpb_row section vc_row-fluid\" style=' text-align:left;'><div class=\"full_section_inner clearfix\"><div class=\"wpb_column vc_column_container vc_col-sm-12\"><div class=\"vc_column-inner\"><div class=\"wpb_wrapper\">\n\t<div class=\"wpb_text_column wpb_content_element\">\n\t\t<div class=\"wpb_wrapper\">\n\t\t\t<p style=\"text-align: center;\">Laura regresa a la casa de su infancia con la intenci\u00f3n de cumplir el ultimo deseo de su abuela.<\/p>\n<p style=\"text-align: center;\">A trav\u00e9s de este viaje, Laura descubrir\u00e1 la manera de decir adi\u00f3s al pasado, de disfrutar el presente y despreocuparse del futuro.<\/p>\n\n\t\t<\/div> \n\t<\/div> \t<div class=\"vc_empty_space\"  style=\"height: 32px\" ><span\n\t\t\tclass=\"vc_empty_space_inner\">\n\t\t\t<span class=\"empty_space_image\"  ><\/span>\n\t\t<\/span><\/div>\n\n\n\t<div class=\"wpb_text_column wpb_content_element\">\n\t\t<div class=\"wpb_wrapper\">\n\t\t\t<p style=\"text-align: center;\"><strong>\u00abSi me pareciese un poco m\u00e1s a ti\u2026 Con tu buen humor, tu sonrisa\u2026 Ese talento para la vida.\u00bb<\/strong><\/p>\n\n\t\t<\/div> \n\t<\/div> <\/div><\/div><\/div><\/div><\/div><div      class=\"vc_row wpb_row section vc_row-fluid\" style=' text-align:left;'><div class=\"full_section_inner clearfix\"><div class=\"wpb_column vc_column_container vc_col-sm-12\"><div class=\"vc_column-inner\"><div class=\"wpb_wrapper\">\t<div class=\"vc_empty_space\"  style=\"height: 50px\" ><span\n\t\t\tclass=\"vc_empty_space_inner\">\n\t\t\t<span class=\"empty_space_image\"  ><\/span>\n\t\t<\/span><\/div>\n\n\n\t<div class=\"wpb_text_column wpb_content_element  vc_custom_1677621060784\">\n\t\t<div class=\"wpb_wrapper\">\n\t\t\t<h3><\/h3>\n<h3 style=\"text-align: center;\"><a href=\"https:\/\/www.atrapalo.com\/entradas\/pristina-_e4887458\/#listado_fechas\">COMPRAR ENTRADAS<\/a><\/h3>\n\n\t\t<\/div> \n\t<\/div> <\/div><\/div><\/div><\/div><\/div><div      class=\"vc_row wpb_row section vc_row-fluid\" style=' text-align:left;'><div class=\"full_section_inner clearfix\"><div class=\"wpb_column vc_column_container vc_col-sm-12\"><div class=\"vc_column-inner\"><div class=\"wpb_wrapper\"><\/div><\/div><\/div><\/div><\/div>","protected":false},"excerpt":{"rendered":"Pr\u00edstina; Una nana de despedida Pr\u00edstina es un homenaje a todas aquellas personas que se marcharon dejando huella en nuestros corazones. El proceso de sanaci\u00f3n del duelo, la aceptaci\u00f3n de la perdida, en definitiva, una nana de despedida. \u00bfQu\u00e9 sucede cuando a\u00fan quedan cosas por...","protected":false},"author":2,"featured_media":0,"parent":534,"menu_order":0,"comment_status":"closed","ping_status":"closed","template":"","meta":[],"_links":{"self":[{"href":"http:\/\/raquelvillarejohervas.com\/en\/wp-json\/wp\/v2\/pages\/451"}],"collection":[{"href":"http:\/\/raquelvillarejohervas.com\/en\/wp-json\/wp\/v2\/pages"}],"about":[{"href":"http:\/\/raquelvillarejohervas.com\/en\/wp-json\/wp\/v2\/types\/page"}],"author":[{"embeddable":true,"href":"http:\/\/raquelvillarejohervas.com\/en\/wp-json\/wp\/v2\/users\/2"}],"replies":[{"embeddable":true,"href":"http:\/\/raquelvillarejohervas.com\/en\/wp-json\/wp\/v2\/comments?post=451"}],"version-history":[{"count":22,"href":"http:\/\/raquelvillarejohervas.com\/en\/wp-json\/wp\/v2\/pages\/451\/revisions"}],"predecessor-version":[{"id":536,"href":"http:\/\/raquelvillarejohervas.com\/en\/wp-json\/wp\/v2\/pages\/451\/revisions\/536"}],"up":[{"embeddable":true,"href":"http:\/\/raquelvillarejohervas.com\/en\/wp-json\/wp\/v2\/pages\/534"}],"wp:attachment":[{"href":"http:\/\/raquelvillarejohervas.com\/en\/wp-json\/wp\/v2\/media?parent=451"}],"curies":[{"name":"wp","href":"https:\/\/api.w.org\/{rel}","templated":true}]}}