{"id":140,"date":"2022-03-31T16:09:48","date_gmt":"2022-03-31T16:09:48","guid":{"rendered":"http:\/\/s906472434.mialojamiento.es\/?page_id=140"},"modified":"2024-11-04T22:17:50","modified_gmt":"2024-11-04T22:17:50","slug":"trayectoria","status":"publish","type":"page","link":"http:\/\/raquelvillarejohervas.com\/en\/trayectoria\/","title":{"rendered":"Trabajos"},"content":{"rendered":"<div      class=\"vc_row wpb_row section vc_row-fluid\" style=' text-align:left;'><div class=\"full_section_inner clearfix\"><div class=\"wpb_column vc_column_container vc_col-sm-4\"><div class=\"vc_column-inner\"><div class=\"wpb_wrapper\"><\/div><\/div><\/div><div class=\"wpb_column vc_column_container vc_col-sm-4\"><div class=\"vc_column-inner\"><div class=\"wpb_wrapper\"><\/div><\/div><\/div><div class=\"wpb_column vc_column_container vc_col-sm-4\"><div class=\"vc_column-inner\"><div class=\"wpb_wrapper\"><\/div><\/div><\/div><\/div><\/div><div      class=\"vc_row wpb_row section vc_row-fluid\" style=' text-align:left;'><div class=\"full_section_inner clearfix\"><div class=\"wpb_column vc_column_container vc_col-sm-6\"><div class=\"vc_column-inner\"><div class=\"wpb_wrapper\">\n\t<div class=\"wpb_text_column wpb_content_element\">\n\t\t<div class=\"wpb_wrapper\">\n\t\t\t<p class=\"has-medium-font-size\"><strong>FILMS<\/strong><\/p>\n<p><i>El \u00faltimo baile.<\/i> Dir. Carlos Mures (2021)<br \/><em>La vida padre<\/em>. Dir. Joaqu\u00edn Maz\u00f3n, MOD Producciones. (2021)<br \/><em>Un mundo normal<\/em>. Dir. Achero Ma\u00f1as, Last Will P.C (2020)<\/p>\n\n\t\t<\/div> \n\t<\/div> \t<div class=\"vc_empty_space\"  style=\"height: 32px\" ><span\n\t\t\tclass=\"vc_empty_space_inner\">\n\t\t\t<span class=\"empty_space_image\"  ><\/span>\n\t\t<\/span><\/div>\n\n\n\t<div class=\"wpb_text_column wpb_content_element\">\n\t\t<div class=\"wpb_wrapper\">\n\t\t\t<p><strong>SHORT FILMS<\/strong><\/p>\n<p><em>MABEL<\/em>. Dir. Claudia Solano Go\u00f1i (2022)<\/p>\n<p><em>Carmen<\/em>. Dir. Hugo Perrin (2021)<\/p>\n<p><em>El final perfecto<\/em>. Dir. H\u00e9ctor Sanz y Ra\u00fal del Hierro (2021)<\/p>\n<p><em>A la vida de mi vida<\/em>. Dir. Jorge Rem\u00f3n (2021)<\/p>\n<p><em>Litis<\/em>. Dir. Ignacio Mart\u00ednez-Fresneda (2020)<\/p>\n<p><em>Dali<\/em>. Dir. Carlos Mures (2020)<\/p>\n<p><em>Status Quo<\/em>. Dir. Carlos Jim\u00e9nez (2020)<\/p>\n<p><em>Sin salida<\/em>. Dir. Irene Dom\u00ednguez (2019)<\/p>\n<p><em>El Sendero<\/em>. Dir. Rebeca Saray (2019)<\/p>\n<p><em>Luc\u00eda<\/em>. Dir. Javier Mangas Vega (2019)<\/p>\n<p><em>Mi vida<\/em>. Dir. Emilio Restrepo (2018)<\/p>\n<p><em>La decisi\u00f3n<\/em>. Dir. H\u00e9ctor Bravo (2016)<\/p>\n<p><em>Tocada y hundida<\/em>. Dir. Samuel Fuentes(2014)<\/p>\n<p><em>The race.<\/em> Dir. Luc\u00eda Laguna (2014)<\/p>\n<p><em>Punto de Inflexi\u00f3n<\/em>. Dir. Luc\u00eda Laguna.(2013)<\/p>\n<p><em>\u00bfBailamos?<\/em> Dir. Mario Casado (2013)<\/p>\n<p><em>Ps: Smile<\/em>. Dir. Mario Casado (2012)<\/p>\n\n\t\t<\/div> \n\t<\/div> \t<div class=\"vc_empty_space\"  style=\"height: 32px\" ><span\n\t\t\tclass=\"vc_empty_space_inner\">\n\t\t\t<span class=\"empty_space_image\"  ><\/span>\n\t\t<\/span><\/div>\n\n\n\t<div class=\"wpb_text_column wpb_content_element\">\n\t\t<div class=\"wpb_wrapper\">\n\t\t\t<p><strong>TELEVISION<\/strong><\/p>\n<p><em>Invisible<\/em>. Disney + (2023)<\/p>\n<p><em>Cuerpo de \u00c9lite<\/em>. MOD Producciones, Antena 3 (2018)<\/p>\n<p><em>Centro M\u00e9dico<\/em>. Zebra Producciones, TVE (2017)<\/p>\n<p><em>Cu\u00e9ntame c\u00f3mo pas\u00f3.<\/em> Ganga Producciones. TVE (2008)<\/p>\n\n\t\t<\/div> \n\t<\/div> \t<div class=\"vc_empty_space\"  style=\"height: 32px\" ><span\n\t\t\tclass=\"vc_empty_space_inner\">\n\t\t\t<span class=\"empty_space_image\"  ><\/span>\n\t\t<\/span><\/div>\n\n\n\t<div class=\"wpb_text_column wpb_content_element\">\n\t\t<div class=\"wpb_wrapper\">\n\t\t\t<p><strong>VIDEOCLIPS<\/strong><\/p>\n<p><em>Recu\u00e9rdame-<\/em> LORIAN. Dir. Liam Sa\u00e9nz. (2021)<\/p>\n\n\t\t<\/div> \n\t<\/div> <\/div><\/div><\/div><div class=\"wpb_column vc_column_container vc_col-sm-6\"><div class=\"vc_column-inner\"><div class=\"wpb_wrapper\">\n\t<div class=\"wpb_text_column wpb_content_element\">\n\t\t<div class=\"wpb_wrapper\">\n\t\t\t<p><strong>THEATRE<\/strong><\/p>\n<p><em>Teo encadenado.<\/em> Dir. Rub\u00e9n Cano (2024-2025)<\/p>\n<p><em>Tinta, clavel y fuego.<\/em> Dir. Hugo F.Barrenechea (2024)<\/p>\n<p><em>Nixon in China.<\/em> Dir. John Fulljames (2023)<\/p>\n<p><em>Pr\u00edstina, una nana de despedida. <\/em>Dir. Antonio Laguna (2023)<\/p>\n<p><em>El Abrecartas<\/em>. Dir. Xavier Albert\u00ed (2022)<\/p>\n<p><em>La Boh\u00e8me<\/em>. Dir. Richard Jones (2021)<\/p>\n<p><em>Viva la mamma<\/em>. Dir. Laurent Pelly (2021)<\/p>\n<p><em>Peter Grimes.<\/em> Dir. Deborah Warner (2021)<\/p>\n<p><em>Noche \u00c1rabe<\/em>. Dir. Roc\u00edo LaSierra Roy (2020)<\/p>\n<p><em>La isla de Nur<\/em>. Dir. Jes\u00fas D\u00edaz Platero (2020)<\/p>\n<p><em>Microfantas\u00eda<\/em>. Dir. Paula Valero (2020)<\/p>\n<p><em>Instant\u00e1nea<\/em>. Dir. Patricia Pe\u00f1alver (2019)<\/p>\n<p><em>S\u00e1bado Noche<\/em>. Dir. Carlos Mures (2019)<\/p>\n<p><em>TR\u00c1GICAS<\/em>. Dir. Cristina Rota (2018-2019)<\/p>\n<p><em>\u00a1NO SON HORAS!<\/em> Dir. Candela Sol\u00e9 (2017-2018)<\/p>\n<p><em>La Katarsis del Tomatazo.<\/em> Dir. Mar\u00eda Botto (2014-2017)<\/p>\n<p><em>Un tr\u00e1gico a pesar suyo.<\/em> Dir. Cristina Rota. (2017)<\/p>\n<p><em>Iglesia abandonada<\/em>. Dir. Cristina Rota. (2017)<\/p>\n<p><em>M\u00e1s all\u00e1 del horizonte<\/em>. Dir. Cristina Rota. (2017)<\/p>\n<p><em>Quartets<\/em>. Dir. Patricia Pe\u00f1alver (2016)<\/p>\n<p><em>Don Juan o el amor l\u00edquido<\/em>. Dir. Cibele Forjaz (2016)<\/p>\n<p>&nbsp;<\/p>\n\n\t\t<\/div> \n\t<\/div> \t<div class=\"vc_empty_space\"  style=\"height: 32px\" ><span\n\t\t\tclass=\"vc_empty_space_inner\">\n\t\t\t<span class=\"empty_space_image\"  ><\/span>\n\t\t<\/span><\/div>\n\n\n\t<div class=\"wpb_text_column wpb_content_element\">\n\t\t<div class=\"wpb_wrapper\">\n\t\t\t<p><strong>DOCUMENTARIES<\/strong><\/p>\n<p><em>Imprescindibles: Beber bajo el agua<\/em>. La2 TVE. Dir. Ana Mar\u00eda Pel\u00e1ez (2019)<\/p>\n\n\t\t<\/div> \n\t<\/div> \t<div class=\"vc_empty_space\"  style=\"height: 32px\" ><span\n\t\t\tclass=\"vc_empty_space_inner\">\n\t\t\t<span class=\"empty_space_image\"  ><\/span>\n\t\t<\/span><\/div>\n\n\n\t<div class=\"wpb_text_column wpb_content_element\">\n\t\t<div class=\"wpb_wrapper\">\n\t\t\t<p><strong>PUBLICITY<\/strong><\/p>\n<p><em>Alcal\u00e1 is a part of you<\/em> Dir. Aleko \u00c1lvarez (2024)<\/p>\n<p><em>Miniatti<\/em> Dir. Beatriz \u00c1lvarez-Guerra (2022)<\/p>\n<p><em>V\u00eddeo tur\u00edstico Castell\u00f3 de Rugat,<\/em> Comunitat Valenciana.Dir. Manuel Cabo. MC Audiovisuales. (2021)<\/p>\n<p>&nbsp;<\/p>\n\n\t\t<\/div> \n\t<\/div> <\/div><\/div><\/div><\/div><\/div><div      class=\"vc_row wpb_row section vc_row-fluid\" style=' text-align:left;'><div class=\"full_section_inner clearfix\"><div class=\"wpb_column vc_column_container vc_col-sm-12\"><div class=\"vc_column-inner\"><div class=\"wpb_wrapper\">\t<div class=\"vc_empty_space\"  style=\"height: 50px\" ><span\n\t\t\tclass=\"vc_empty_space_inner\">\n\t\t\t<span class=\"empty_space_image\"  ><\/span>\n\t\t<\/span><\/div>\n\n<div class=\"vc_text_separator wpb_content_element full separator_align_center\"><div style=''><span>Formation<\/span><\/div><\/div>\n\t<div class=\"vc_empty_space\"  style=\"height: 50px\" ><span\n\t\t\tclass=\"vc_empty_space_inner\">\n\t\t\t<span class=\"empty_space_image\"  ><\/span>\n\t\t<\/span><\/div>\n\n<\/div><\/div><\/div><\/div><\/div><div      class=\"vc_row wpb_row section vc_row-fluid\" style=' text-align:left;'><div class=\"full_section_inner clearfix\"><div class=\"wpb_column vc_column_container vc_col-sm-6\"><div class=\"vc_column-inner\"><div class=\"wpb_wrapper\">\n\t<div class=\"wpb_text_column wpb_content_element\">\n\t\t<div class=\"wpb_wrapper\">\n\t\t\t<p><strong>ACADEMIC<\/strong><\/p>\n<p>Training courses at the RADA (Royal Academy of Dramatic Art) with Peta Lily (2022)<br \/>Graduated from the Cristina Rota School of Interpretation (2012-2017)<br \/>Training in contemporary dance, modern dance and urban dances.<br \/>On camera course with Montxo Armend\u00e1riz (2020), Alfonso Albacete (2020), Joaquin Oristrell (2017) and David Ulloa (2017)<br \/>Bachelor of Performing Arts, Music and Dance. (2014-2016)<\/p>\n\n\t\t<\/div> \n\t<\/div> <\/div><\/div><\/div><div class=\"wpb_column vc_column_container vc_col-sm-6\"><div class=\"vc_column-inner\"><div class=\"wpb_wrapper\">\n\t<div class=\"wpb_text_column wpb_content_element\">\n\t\t<div class=\"wpb_wrapper\">\n\t\t\t<p><strong>Languages<\/strong><\/p>\n<p>English and Spanish<\/p>\n\n\t\t<\/div> \n\t<\/div> \t<div class=\"vc_empty_space\"  style=\"height: 32px\" ><span\n\t\t\tclass=\"vc_empty_space_inner\">\n\t\t\t<span class=\"empty_space_image\"  ><\/span>\n\t\t<\/span><\/div>\n\n\n\t<div class=\"wpb_text_column wpb_content_element\">\n\t\t<div class=\"wpb_wrapper\">\n\t\t\t<p><strong>Additional information<\/strong><\/p>\n<p>Driver's license type B<br \/>Qualification of riders (Gallops) - Level 4<\/p>\n<p>200YTT by Alliance Yoga. Titulaci\u00f3n oficial como profesora de Vinyasa Yoga.<\/p>\n\n\t\t<\/div> \n\t<\/div> <\/div><\/div><\/div><\/div><\/div><div      class=\"vc_row wpb_row section vc_row-fluid\" style=' text-align:left;'><div class=\"full_section_inner clearfix\"><div class=\"wpb_column vc_column_container vc_col-sm-12\"><div class=\"vc_column-inner\"><div class=\"wpb_wrapper\">\t<div class=\"vc_empty_space\"  style=\"height: 100px\" ><span\n\t\t\tclass=\"vc_empty_space_inner\">\n\t\t\t<span class=\"empty_space_image\"  ><\/span>\n\t\t<\/span><\/div>\n\n<\/div><\/div><\/div><\/div><\/div>","protected":false},"excerpt":{"rendered":"CINE El \u00faltimo baile. Dir. Carlos Mures (2021)La vida padre. Dir. Joaqu\u00edn Maz\u00f3n, MOD Producciones. (2021)Un mundo normal. Dir. Achero Ma\u00f1as, Last Will P.C (2020) CORTOMETRAJES MABEL. Dir. Claudia Solano Go\u00f1i (2022) Carmen. Dir. Hugo Perrin (2021) El final perfecto. Dir. H\u00e9ctor Sanz y Ra\u00fal...","protected":false},"author":1,"featured_media":0,"parent":0,"menu_order":0,"comment_status":"closed","ping_status":"closed","template":"","meta":[],"_links":{"self":[{"href":"http:\/\/raquelvillarejohervas.com\/en\/wp-json\/wp\/v2\/pages\/140"}],"collection":[{"href":"http:\/\/raquelvillarejohervas.com\/en\/wp-json\/wp\/v2\/pages"}],"about":[{"href":"http:\/\/raquelvillarejohervas.com\/en\/wp-json\/wp\/v2\/types\/page"}],"author":[{"embeddable":true,"href":"http:\/\/raquelvillarejohervas.com\/en\/wp-json\/wp\/v2\/users\/1"}],"replies":[{"embeddable":true,"href":"http:\/\/raquelvillarejohervas.com\/en\/wp-json\/wp\/v2\/comments?post=140"}],"version-history":[{"count":41,"href":"http:\/\/raquelvillarejohervas.com\/en\/wp-json\/wp\/v2\/pages\/140\/revisions"}],"predecessor-version":[{"id":493,"href":"http:\/\/raquelvillarejohervas.com\/en\/wp-json\/wp\/v2\/pages\/140\/revisions\/493"}],"wp:attachment":[{"href":"http:\/\/raquelvillarejohervas.com\/en\/wp-json\/wp\/v2\/media?parent=140"}],"curies":[{"name":"wp","href":"https:\/\/api.w.org\/{rel}","templated":true}]}}